{"id":702,"date":"2025-10-17T05:34:18","date_gmt":"2025-10-17T05:34:18","guid":{"rendered":"https:\/\/www.produkt-haus.eu\/bvmid\/"},"modified":"2025-10-17T05:40:16","modified_gmt":"2025-10-17T05:40:16","slug":"bvmid","status":"publish","type":"page","link":"https:\/\/www.produkt-haus.eu\/fi\/bvmid\/","title":{"rendered":"BVMID"},"content":{"rendered":"<div class=\"su-row\">\n<div class=\"su-column su-column-size-2-3\"><div class=\"su-column-inner su-u-clearfix su-u-trim\">\n<p class=\"p1\"><span style=\"color: #f1592a;\"><strong>Saksan pien- ja keskisuurten yritysten liitto (BVMID)<\/strong><\/span><\/p>\n<p class=\"p1\">Pien- ja keskisuurten yritysten eksklusiivinen liiketoimintaverkosto<\/p>\n<p class=\"p1\">Saksan pien- ja keskisuurten yritysten liitto on sitoutunut vahvistamaan pien- ja keskisuurten yritysten taloudellisia, sosiaalisia ja poliittisia etuja. Asiantuntijoiden, kumppaneiden ja p\u00e4\u00e4t\u00f6ksentekij\u00f6iden verkoston avulla me\u00a0<b>BVMID:n Viron\/Suomen\u00a0<\/b>toimistossa ty\u00f6skentelemme jatkuvasti eri alojen ihmisten yhteen saattamiseksi. Tavoitteenamme on aina parantaa pien- ja keskisuurten yritysten olosuhteita kokonaisuudessaan.<\/p>\n<p><a href=\"https:\/\/bvmid.de\/finland\" target=\"_blank\" rel=\"noopener\">https:\/\/bvmid.de\/finland<\/a><\/p>\n<\/div><\/div>\n<div class=\"su-column su-column-size-1-3\"><div class=\"su-column-inner su-u-clearfix su-u-trim\">\n<p><img loading=\"lazy\" decoding=\"async\" class=\"alignnone size-medium wp-image-708\" src=\"https:\/\/www.produkt-haus.eu\/wp-content\/uploads\/2025\/10\/bvmid-300x94.png\" alt=\"\" width=\"300\" height=\"94\" srcset=\"https:\/\/www.produkt-haus.eu\/wp-content\/uploads\/2025\/10\/bvmid-300x94.png 300w, https:\/\/www.produkt-haus.eu\/wp-content\/uploads\/2025\/10\/bvmid.png 320w\" sizes=\"auto, (max-width: 300px) 100vw, 300px\" \/><br \/>\n<\/div><\/div>\n<\/div>\n<p>&nbsp;<\/p>\n","protected":false},"excerpt":{"rendered":"<p>&nbsp;<\/p>\n","protected":false},"author":1,"featured_media":0,"parent":0,"menu_order":0,"comment_status":"closed","ping_status":"closed","template":"template-fullwidth.php","meta":{"footnotes":""},"class_list":["post-702","page","type-page","status-publish","hentry"],"_links":{"self":[{"href":"https:\/\/www.produkt-haus.eu\/fi\/wp-json\/wp\/v2\/pages\/702","targetHints":{"allow":["GET"]}}],"collection":[{"href":"https:\/\/www.produkt-haus.eu\/fi\/wp-json\/wp\/v2\/pages"}],"about":[{"href":"https:\/\/www.produkt-haus.eu\/fi\/wp-json\/wp\/v2\/types\/page"}],"author":[{"embeddable":true,"href":"https:\/\/www.produkt-haus.eu\/fi\/wp-json\/wp\/v2\/users\/1"}],"replies":[{"embeddable":true,"href":"https:\/\/www.produkt-haus.eu\/fi\/wp-json\/wp\/v2\/comments?post=702"}],"version-history":[{"count":2,"href":"https:\/\/www.produkt-haus.eu\/fi\/wp-json\/wp\/v2\/pages\/702\/revisions"}],"predecessor-version":[{"id":713,"href":"https:\/\/www.produkt-haus.eu\/fi\/wp-json\/wp\/v2\/pages\/702\/revisions\/713"}],"wp:attachment":[{"href":"https:\/\/www.produkt-haus.eu\/fi\/wp-json\/wp\/v2\/media?parent=702"}],"curies":[{"name":"wp","href":"https:\/\/api.w.org\/{rel}","templated":true}]}}