{"id":138,"date":"2015-12-01T19:34:22","date_gmt":"2015-12-01T19:34:22","guid":{"rendered":"http:\/\/winkd.eu\/produkthaus\/fi\/services\/"},"modified":"2017-11-17T13:54:49","modified_gmt":"2017-11-17T13:54:49","slug":"services","status":"publish","type":"page","link":"https:\/\/www.produkt-haus.eu\/fi\/services\/","title":{"rendered":"Palvelut"},"content":{"rendered":"<div class=\"su-row\">\n<div class=\"su-column su-column-size-2-3\"><div class=\"su-column-inner su-u-clearfix su-u-trim\">\n<p>Olemme ty\u00f6skennelleet useiden suomalaisten yritysten kanssa monilla eri liiketoiminta-alueilla: mm. kone- ja metalliteollisuus, maatalous, rakentaminen, elektroniikka, insin\u00f6\u00f6ri- ja suunnittelu palvelut sek\u00e4\u00a0 auto- ja kemianteollisuus. Lis\u00e4ksi monet asiakkaidemme hankkeista ja projekteista ovat saaneet mm. Tekes-, JYKES, LY-keskus tai Finveran rahoitusta.<\/p>\n<p><strong>Konseptimme on hyvin yksinkertainen:<\/strong><\/p>\n<ol>\n<li>Meill\u00e4 on oma myyntiorganisaatio valmiina Saksassa. K\u00e4yt\u00e4nn\u00f6ss\u00e4 voitte siis ulkoistaa vienti toimintanne meilt\u00e4. Se tarkoittaa mm., ett\u00e4 haemme yrityksellenne 50-100 potentiaalista asiakaskontaktia Saksassa (m\u00e4\u00e4r\u00e4 riippuu toimialasta) ensimm\u00e4isten projekti-kuukausien aikana.<\/li>\n<li>K\u00e4\u00e4nn\u00e4mme my\u00f6s kotisivunne ja t\u00e4rkeimm\u00e4t esitteenne saksaksi, sill\u00e4 ilman saksankielist\u00e4 myynti-materiaalia on mahdotonta menesty\u00e4 kyseisill\u00e4 markkinoilla.<\/li>\n<li>Tavoitteemme on hakea asiakkaallemme mahdollisimman monia tarjouspyynt\u00f6j\u00e4, jotka konkretisoituvat tilauksiksi.<\/li>\n<\/ol>\n<p>T\u00e4m\u00e4 vaihe ei vaadi omalta yrityksest\u00e4nne merkitt\u00e4v\u00e4\u00e4 henkil\u00f6st\u00f6n panostusta. Paikalliset myyj\u00e4mme tuntevat ja ymm\u00e4rt\u00e4v\u00e4t saksalaisten asiakkaiden tarpeet, kielen ja kulttuurin ja toimivat hyvin itsen\u00e4isesti.<\/p>\n<p>Haluatteko vahvistaa vienti\u00e4nne ulkomaille, mutta ette ole varmoja siit\u00e4 mitk\u00e4 ovat kyseisen markkina-alueen mahdollisuudet ja potentiaali? Siihen l\u00f6yd\u00e4mme teille vastauksia.<\/p>\n<p class=\"western\"><b>Palvelumme:<\/b><\/p>\n<\/div><\/div>\n<div class=\"su-column su-column-size-1-3\"><div class=\"su-column-inner su-u-clearfix su-u-trim\">\n<\/div><\/div>\n<\/div>\n<div class=\"su-row\">\n<div class=\"su-column su-column-size-1-3\"><div class=\"su-column-inner su-u-clearfix su-u-trim\">\n<p style=\"text-align: left;\"><span style=\"color: #f1592a;\"><strong>Markkina- ja kilpailuanalyysit<br \/>\n<\/strong><\/span>Haluatteko vahvistaa vienti\u00e4nne ulkomaille, mutta ette ole varmoja siit\u00e4 mitk\u00e4 ovat kyseisen markkina-alueen mahdollisuudet ja potentiaali? Siihen l\u00f6yd\u00e4mme teille vastauksia. Varmistamme my\u00f6s, ett\u00e4 kyseiselle markkina-alueelle kannattaa investoida ja sit\u00e4 kautta yrityksenne s\u00e4\u00e4st\u00e4\u00e4 aikaa, rahaa ja v\u00e4ltt\u00e4\u00e4 turhia virheit\u00e4.<\/p>\n<p class=\"western\">Osaamisemme perustuu siihen, ett\u00e4 tunnemme kyseiset markkinat eritt\u00e4in hyvin ja ett\u00e4 k\u00e4yt\u00f6ss\u00e4mme on ammattitaitoinen ja paikallinen tiimi.<\/p>\n<p style=\"text-align: left;\"><span style=\"color: #f1592a;\"><strong>Olemassa olevien markkinoiden systemaattinen kehitt\u00e4minen ja laajentaminen<\/strong><\/span><br \/>\nYrityksell\u00e4nne on jo vienti\u00e4 ulkomaille, mutta ette ole tyytyv\u00e4isi\u00e4 sen kehitykseen. Siihen meilt\u00e4 l\u00f6ytyy ratkaisuja. Analysoimme nykyisen vientinne tilanteen ja kehityspotentiaalin. T\u00e4m\u00e4n tiedon pohjalta rakennamme yhdess\u00e4 liiketoimintasuunnitelman, joka toteutetaan paikan p\u00e4\u00e4ll\u00e4.<\/p>\n<p style=\"text-align: left;\"><span style=\"color: #f1592a;\"><strong>Yhteisty\u00f6verkostojen rakentaminen<br \/>\n<\/strong><\/span>Vuosikymmenien kokemuksen perusteella olemme rakentaneet laajan yhteisty\u00f6verkoston. T\u00e4m\u00e4 verkosto on asiakkaidemme k\u00e4yt\u00f6ss\u00e4 niiden tarpeiden mukaisesti. Sen lis\u00e4ksi pystymme my\u00f6s tarjoamaan paikallisen myyntiorganisaation, joka myy koulutuksen j\u00e4lkeen yrityksenne palveluita ja tuotteita.<\/p>\n<p style=\"text-align: left;\"><span style=\"color: #e96656;\"><strong><span style=\"color: #f1592a;\">Uudet projektit ja tuotteet<br \/>\n<\/span><\/strong><\/span>Etsittek\u00f6 uusia tuotteita? Vai onko nykyisten tuotteidenne valmistus liian kallista? Etsittek\u00f6 luotettavia alihankkijoita? T\u00e4ss\u00e4kin me autamme teit\u00e4 kansainv\u00e4lisen verkostomme kautta.<\/p>\n<p class=\"western\">Meill\u00e4 on my\u00f6s asiakkaita, jotka osallistuvat erilaisiin kansainv\u00e4lisiin rakennusprojekteihin. Olemme auttaneet verkostomme kautta heit\u00e4 l\u00f6yt\u00e4m\u00e4\u00e4n uusia projekteja ja uusia yhteisty\u00f6kumppaneita.<\/p>\n<\/div><\/div>\n<div class=\"su-column su-column-size-1-3\"><div class=\"su-column-inner su-u-clearfix su-u-trim\">\n<p style=\"text-align: left;\"><span style=\"color: #f1592a;\"><strong>Asiakasanalyysit<\/strong><\/span><br \/>\nNykyiset ulkomaiset asiakkaanne ostavat v\u00e4hemm\u00e4n tai eiv\u00e4t en\u00e4\u00e4 lainkaan tuotteitanne? Me selvit\u00e4mme miksi n\u00e4in on ja miten tilanteen voi korjata paikallisen tiimimme avulla.<\/p>\n<p style=\"text-align: left;\"><span style=\"color: #f1592a;\"><strong>Gallup-kyselyt<br \/>\n<\/strong><\/span>Haluatteko pikaisesti tiet\u00e4\u00e4 mit\u00e4 kohdemarkkina-alueellanne tapahtuu? Haluatteko tiet\u00e4\u00e4 mit\u00e4 asiakkaanne ajattelevat yrityksest\u00e4nne ja tuotteestanne? N\u00e4ihinkin kysymyksiin meid\u00e4n avullamme l\u00f6ytyy vastauksia. Rakennamme yhdess\u00e4 kysymysluettelon ja sen j\u00e4lkeen soitamme valikoidut asiakkaat l\u00e4pi ja selvit\u00e4mme markkinoiden nykytilanteen.<\/p>\n<p style=\"text-align: left;\"><span style=\"color: #f1592a;\"><strong>Apua paikallisiin messutapahtumiin<\/strong><\/span><br \/>\nJos teill\u00e4 on suunnitelmia osallistua paikallisiin messutapahtumiin, voimme tarjota my\u00f6s silloin apuamme. Voimme hakea teille jo etuk\u00e4teen paikallisia kontakteja kyseisill\u00e4 markkinoilla ja kutsua heid\u00e4t messuille. Sen lis\u00e4ksi voimme olla mukana messuosastollanne, jolloin on mahdollista hy\u00f6dynt\u00e4\u00e4 tehokkaasti paikallinen osaamisemme ja kielitaitomme.<\/p>\n<p style=\"text-align: left;\"><\/div><\/div>\n<div class=\"su-column su-column-size-1-3\"><div class=\"su-column-inner su-u-clearfix su-u-trim\">\n<\/div><\/div>\n<\/div>\n","protected":false},"excerpt":{"rendered":"","protected":false},"author":1,"featured_media":0,"parent":0,"menu_order":0,"comment_status":"closed","ping_status":"open","template":"template-fullwidth.php","meta":{"footnotes":""},"class_list":["post-138","page","type-page","status-publish","hentry"],"_links":{"self":[{"href":"https:\/\/www.produkt-haus.eu\/fi\/wp-json\/wp\/v2\/pages\/138","targetHints":{"allow":["GET"]}}],"collection":[{"href":"https:\/\/www.produkt-haus.eu\/fi\/wp-json\/wp\/v2\/pages"}],"about":[{"href":"https:\/\/www.produkt-haus.eu\/fi\/wp-json\/wp\/v2\/types\/page"}],"author":[{"embeddable":true,"href":"https:\/\/www.produkt-haus.eu\/fi\/wp-json\/wp\/v2\/users\/1"}],"replies":[{"embeddable":true,"href":"https:\/\/www.produkt-haus.eu\/fi\/wp-json\/wp\/v2\/comments?post=138"}],"version-history":[{"count":8,"href":"https:\/\/www.produkt-haus.eu\/fi\/wp-json\/wp\/v2\/pages\/138\/revisions"}],"predecessor-version":[{"id":307,"href":"https:\/\/www.produkt-haus.eu\/fi\/wp-json\/wp\/v2\/pages\/138\/revisions\/307"}],"wp:attachment":[{"href":"https:\/\/www.produkt-haus.eu\/fi\/wp-json\/wp\/v2\/media?parent=138"}],"curies":[{"name":"wp","href":"https:\/\/api.w.org\/{rel}","templated":true}]}}