{"id":701,"date":"2025-10-17T05:34:18","date_gmt":"2025-10-17T05:34:18","guid":{"rendered":"https:\/\/www.produkt-haus.eu\/bvmid\/"},"modified":"2025-10-17T05:41:55","modified_gmt":"2025-10-17T05:41:55","slug":"bvmid","status":"publish","type":"page","link":"https:\/\/www.produkt-haus.eu\/et\/bvmid\/","title":{"rendered":"BVMID"},"content":{"rendered":"<div class=\"su-row\">\n<div class=\"su-column su-column-size-2-3\"><div class=\"su-column-inner su-u-clearfix su-u-trim\">\n<p class=\"p1\"><span style=\"color: #f1592a;\"><strong>Saksamaa V\u00e4ike- ja Keskmise Suurusega Ettev\u00f5tete Liit (BVMID)<\/strong><\/span><\/p>\n<p class=\"p1\">Eksklusiivne \u00e4riv\u00f5rgustik v\u00e4ike- ja keskmise suurusega ettev\u00f5tetele<\/p>\n<p class=\"p1\">Saksamaa V\u00e4ike- ja Keskmise Suurusega Ettev\u00f5tete Liit on p\u00fchendunud v\u00e4ike- ja keskmise suurusega ettev\u00f5tete majanduslike, sotsiaalsete ja poliitiliste huvide tugevdamisele. Ekspertide, partnerite ja otsustajate v\u00f5rgustikuga t\u00f6\u00f6tab BVMID kontor Eestis\/Soomes pidevalt selle nimel, et erinevate t\u00f6\u00f6stusharude inimesi kokku tuua. Meie eesm\u00e4rk on alati parandada v\u00e4ike- ja keskmise suurusega ettev\u00f5tete \u00fcldisi tingimusi.<\/p>\n<p class=\"p1\"><span class=\"s1\"><a href=\"https:\/\/bvmid.de\/estland\" target=\"_blank\" rel=\"noopener\">https:\/\/bvmid.de\/estland<\/a><\/span><\/p>\n<\/div><\/div>\n<div class=\"su-column su-column-size-1-3\"><div class=\"su-column-inner su-u-clearfix su-u-trim\">\n<p><img loading=\"lazy\" decoding=\"async\" class=\"alignnone size-medium wp-image-710\" src=\"https:\/\/www.produkt-haus.eu\/wp-content\/uploads\/2025\/10\/bvmid-300x94.png\" alt=\"\" width=\"300\" height=\"94\" srcset=\"https:\/\/www.produkt-haus.eu\/wp-content\/uploads\/2025\/10\/bvmid-300x94.png 300w, https:\/\/www.produkt-haus.eu\/wp-content\/uploads\/2025\/10\/bvmid.png 320w\" sizes=\"auto, (max-width: 300px) 100vw, 300px\" \/><br \/>\n<\/div><\/div>\n<\/div>\n<p>&nbsp;<\/p>\n","protected":false},"excerpt":{"rendered":"<p>&nbsp;<\/p>\n","protected":false},"author":1,"featured_media":0,"parent":0,"menu_order":0,"comment_status":"closed","ping_status":"closed","template":"template-fullwidth.php","meta":{"footnotes":""},"class_list":["post-701","page","type-page","status-publish","hentry"],"_links":{"self":[{"href":"https:\/\/www.produkt-haus.eu\/et\/wp-json\/wp\/v2\/pages\/701","targetHints":{"allow":["GET"]}}],"collection":[{"href":"https:\/\/www.produkt-haus.eu\/et\/wp-json\/wp\/v2\/pages"}],"about":[{"href":"https:\/\/www.produkt-haus.eu\/et\/wp-json\/wp\/v2\/types\/page"}],"author":[{"embeddable":true,"href":"https:\/\/www.produkt-haus.eu\/et\/wp-json\/wp\/v2\/users\/1"}],"replies":[{"embeddable":true,"href":"https:\/\/www.produkt-haus.eu\/et\/wp-json\/wp\/v2\/comments?post=701"}],"version-history":[{"count":2,"href":"https:\/\/www.produkt-haus.eu\/et\/wp-json\/wp\/v2\/pages\/701\/revisions"}],"predecessor-version":[{"id":717,"href":"https:\/\/www.produkt-haus.eu\/et\/wp-json\/wp\/v2\/pages\/701\/revisions\/717"}],"wp:attachment":[{"href":"https:\/\/www.produkt-haus.eu\/et\/wp-json\/wp\/v2\/media?parent=701"}],"curies":[{"name":"wp","href":"https:\/\/api.w.org\/{rel}","templated":true}]}}