{"id":137,"date":"2015-12-01T19:34:22","date_gmt":"2015-12-01T19:34:22","guid":{"rendered":"http:\/\/winkd.eu\/produkthaus\/et\/services\/"},"modified":"2017-11-17T13:43:55","modified_gmt":"2017-11-17T13:43:55","slug":"services","status":"publish","type":"page","link":"https:\/\/www.produkt-haus.eu\/et\/services\/","title":{"rendered":"Teenused"},"content":{"rendered":"<div class=\"su-row\">\n<div class=\"su-column su-column-size-2-3\"><div class=\"su-column-inner su-u-clearfix su-u-trim\">\n<p>K\u00f5ik meie teenused ja lahendused on kohandatud ja on m\u00f5eldud klientide erin\u00f5uete ja -vajaduste rahuldamiseks. Selle saavutame pideva dialoogi kaudu oma klientide ja potentsiaalsete partneritega eksporditurgudel.<\/p>\n<p>Oleme t\u00f6\u00f6tanud paljudes Soome ettev\u00f5tetes ja erinevates \u00e4rivaldkondades, nagu masinad ja metallit\u00f6\u00f6stus, p\u00f5llumajandus, ehitus, elektroonika, inseneriteenused ja planeerimisteenused, autot\u00f6\u00f6stus ja keemiat\u00f6\u00f6stus. Lisaks on paljud meie klientide projektid saanud valitsusepoolset rahastamist, nagu Tekes, JYKES, LY Keskus v\u00f5i Finvera.<\/p>\n<p><strong>Meie kontseptsioon on v\u00e4ga lihtne:<\/strong><\/p>\n<ol>\n<li>Saksamaal on meil oma m\u00fc\u00fcgiorganisatsioon. Seep\u00e4rast v\u00f5ite tegutseda oma ekspordiettev\u00f5tte allhanke abil.<\/li>\n<li>T\u00f5lgime teie kodulehe ja teie peamised bro\u0161\u00fc\u00fcrid saksakeelseks, sest ilma saksakeelse m\u00fc\u00fcgimaterjalita ei ole see turg edukas.<\/li>\n<li>Meie eesm\u00e4rk on saada v\u00f5imalikult palju pakkumisi oma klientidele, mis muutuvad konkreetseteks tellimusteks.<\/li>\n<\/ol>\n<p>See samm ei vaja teie ettev\u00f5tte ressursside m\u00e4rkimisv\u00e4\u00e4rset kasutamist. Meie kohalikud m\u00fc\u00fcgimehed tunnevad ja m\u00f5istavad Saksa klientide vajadusi, keelt ja kultuuri.<\/p>\n<p style=\"text-align: left;\"><strong>Meie teenused:<\/strong><\/p>\n<\/div><\/div>\n<div class=\"su-column su-column-size-1-3\"><div class=\"su-column-inner su-u-clearfix su-u-trim\">\n<\/div><\/div>\n<\/div>\n<div class=\"su-row\">\n<div class=\"su-column su-column-size-1-3\"><div class=\"su-column-inner su-u-clearfix su-u-trim\">\n<p style=\"text-align: left;\"><span style=\"color: #f1592a;\"><strong>Turu-uuringud<\/strong><\/span>\u00a0enne eksporditurule sisenemist, et teha kindlaks turupotentsiaal Teie ettev\u00f5tte jaoks. Uuele turule sisenemisele eelnev p\u00f5hjalik uuring v\u00f5ib Teile s\u00e4\u00e4sta k\u00fcmneid tuhandeid eurosid.<\/p>\n<p style=\"text-align: left;\"><span style=\"color: #f1592a;\"><strong>S\u00fcsteemne laienemine olemasolevatel eksporditurgudel\u00a0<\/strong><\/span>neile, kes on juba eksportimisega algust teinud ja otsivad n\u00fc\u00fcd v\u00f5imalusi oma \u00e4ride laiendamiseks, kasvatades selleks koost\u00f6\u00f6partnerite arvu, suurendades kohalikul turul oma m\u00fc\u00fcgipersonali v\u00f5i leides uusi kliendisegmente. Kaardistame Teie ettev\u00f5tte jaoks laienemispotentsiaali ning vajalikud tegevused ning aitame seej\u00e4rel laienemisplaani ka ellu viia.<\/p>\n<p style=\"text-align: left;\"><span style=\"color: #f1592a;\"><strong>Koost\u00f6\u00f6partnerite leidmine ja kokkuviimine Teie ettev\u00f5ttega<\/strong>.<\/span>\u00a0Oma 10-aastase ekspordivaldkonnas t\u00f6\u00f6tatud aasta jooksul oleme tootmisvaldkondade ettev\u00f5tete seas \u00fcles ehitanud ulatusliku kontaktidev\u00f5rgustiku ning laiendame seda v\u00f5rgustikku igap\u00e4evaselt. Leiame Teie ettev\u00f5ttele sobivad koost\u00f6\u00f6partnerid kas olemasolevate koost\u00f6\u00f6partnerite seast v\u00f5i loome vajadusel Teie jaoks uued koost\u00f6\u00f6kontaktid.<\/p>\n<p style=\"text-align: left;\"><span style=\"color: #f1592a;\"><strong>Uute projektide ja toodete leidmine <\/strong><\/span>neile, kes otsivad uusi \u00e4riv\u00f5imalusi, tahavad t\u00e4iendada oma tooteportfelli v\u00f5i soovivad osa oma kohalikust tootmisest Eestist v\u00e4lja viia. Leiame meie laiast kontaktidev\u00f5rgustikust Teie ettev\u00f5ttele uued \u00e4riprojektid ja sobivad koost\u00f6\u00f6partnerid, kelle abil \u00a0oma \u00e4ri laiendada.<\/p>\n<\/div><\/div>\n<div class=\"su-column su-column-size-1-3\"><div class=\"su-column-inner su-u-clearfix su-u-trim\">\n<p style=\"text-align: left;\"><span style=\"color: #f1592a;\"><strong>Kliendianal\u00fc\u00fcs<\/strong><\/span>, mis n\u00e4itab seda, millised on Teie klientide kasutajaprofiilid, nende eesm\u00e4rgid ja vajadused, millised m\u00fc\u00fcgit\u00f5rked v\u00f5iksid tekkida ja millist m\u00fc\u00fcgitaktikat neile l\u00e4henedes kasutada. Samuti leiame Teile uusi kliente ja kliendisegmente, mis annavad Teie ettev\u00f5ttele v\u00f5imaluse kasvada.<\/p>\n<p style=\"text-align: left;\"><span style=\"color: #f1592a;\"><strong>Arvamusk\u00fcsitlused<\/strong><\/span>. Valime koos Teiega v\u00e4lja kliendisegmendi(d) ja viime l\u00e4bi telefoni- v\u00f5i <em>online<\/em>-k\u00fcsitluse, mis annab Teile \u00fclevaate turu hetkeseisust\u00a0ning klientide arvamusest Teie toote v\u00f5i teenuse kohta. Teeme j\u00e4relanal\u00fc\u00fcsi selle kohta, milline on sihtturul hetkel kasutamata potentsiaal.<\/p>\n<p style=\"text-align: left;\"><span style=\"color: #f1592a;\"><strong>Abi kohalikel messidel ja n\u00e4itustel osalemiseks.<\/strong><strong>\u00a0<\/strong><\/span>Meie kohalikud m\u00fc\u00fcgimeeskonnad, kellel on p\u00f5hjalik teadmine kohalikust turust, konkurentsisituatsioonist ja \u00e4rikultuurist ning kes r\u00e4\u00e4givad ka sihtturu keelt, aitavad Teie ettev\u00f5ttel messidel edukalt v\u00e4ljas olla.<\/p>\n<p style=\"text-align: left;\"><\/div><\/div>\n<div class=\"su-column su-column-size-1-3\"><div class=\"su-column-inner su-u-clearfix su-u-trim\">\n<\/div><\/div>\n<\/div>\n","protected":false},"excerpt":{"rendered":"","protected":false},"author":1,"featured_media":0,"parent":0,"menu_order":0,"comment_status":"closed","ping_status":"open","template":"template-fullwidth.php","meta":{"footnotes":""},"class_list":["post-137","page","type-page","status-publish","hentry"],"_links":{"self":[{"href":"https:\/\/www.produkt-haus.eu\/et\/wp-json\/wp\/v2\/pages\/137","targetHints":{"allow":["GET"]}}],"collection":[{"href":"https:\/\/www.produkt-haus.eu\/et\/wp-json\/wp\/v2\/pages"}],"about":[{"href":"https:\/\/www.produkt-haus.eu\/et\/wp-json\/wp\/v2\/types\/page"}],"author":[{"embeddable":true,"href":"https:\/\/www.produkt-haus.eu\/et\/wp-json\/wp\/v2\/users\/1"}],"replies":[{"embeddable":true,"href":"https:\/\/www.produkt-haus.eu\/et\/wp-json\/wp\/v2\/comments?post=137"}],"version-history":[{"count":25,"href":"https:\/\/www.produkt-haus.eu\/et\/wp-json\/wp\/v2\/pages\/137\/revisions"}],"predecessor-version":[{"id":304,"href":"https:\/\/www.produkt-haus.eu\/et\/wp-json\/wp\/v2\/pages\/137\/revisions\/304"}],"wp:attachment":[{"href":"https:\/\/www.produkt-haus.eu\/et\/wp-json\/wp\/v2\/media?parent=137"}],"curies":[{"name":"wp","href":"https:\/\/api.w.org\/{rel}","templated":true}]}}