{"id":126,"date":"2016-06-14T09:53:34","date_gmt":"2016-06-14T09:53:34","guid":{"rendered":"http:\/\/winkd.eu\/produkthaus\/et\/references\/"},"modified":"2023-08-03T11:28:17","modified_gmt":"2023-08-03T11:28:17","slug":"kliendid","status":"publish","type":"page","link":"https:\/\/www.produkt-haus.eu\/et\/kliendid\/","title":{"rendered":"Meie kliendid"},"content":{"rendered":"<p class=\"western\"><span style=\"font-size: medium;\">Meie kliendid tulevad peamiselt elektroonikat\u00f6\u00f6stusest, energia- ja energiat\u00f5hususe sektorist v\u00f5i taristusektorist, metallit\u00f6\u00f6stusest, logistika, pakendamise, masinaehituse ja insenerit\u00f6\u00f6, p\u00f5llumajanduse, paberi- ja puidut\u00f6\u00f6stuse ning ehitust\u00f6\u00f6stuse valdkonnast. Meie suurimate klientide k\u00e4ive ulatub \u00fcle 2\u00a0miljoni euro aastas, kuid meie kliendiportfellis on ka v\u00e4iksemaid ettev\u00f5tteid, kelle k\u00e4ive j\u00e4\u00e4b aastas alla 2 miljoni euro.<\/span><\/p>\n<div class=\"su-spacer\" style=\"height:50px\"><\/div>\n<div class=\"su-row\">\n<div class=\"su-column su-column-size-1-5\"><div class=\"su-column-inner su-u-clearfix su-u-trim\"> <a href=\"http:\/\/www.lorakenne.fi\/\" target=\"_blank\" rel=\"noopener noreferrer\"><img loading=\"lazy\" decoding=\"async\" class=\"alignnone wp-image-165 size-medium\" src=\"http:\/\/www.produkt-haus.eu\/wp-content\/uploads\/2016\/06\/lo_rakenne-300x100.png\" alt=\"lo_rakenne\" width=\"300\" height=\"100\" \/><\/a><\/div><\/div>\n<div class=\"su-column su-column-size-1-5\"><div class=\"su-column-inner su-u-clearfix su-u-trim\"> <a href=\"http:\/\/www.onninen.com\/\" target=\"_blank\" rel=\"noopener noreferrer\"><img loading=\"lazy\" decoding=\"async\" class=\"alignnone wp-image-163 size-medium\" src=\"http:\/\/www.produkt-haus.eu\/wp-content\/uploads\/2016\/06\/onninen-300x100.png\" alt=\"onninen\" width=\"300\" height=\"100\" \/><\/a><\/div><\/div>\n<div class=\"su-column su-column-size-1-5\"><div class=\"su-column-inner su-u-clearfix su-u-trim\"> <a href=\"http:\/\/www.kavika.fi\/en\/\" target=\"_blank\" rel=\"noopener noreferrer\"><img loading=\"lazy\" decoding=\"async\" class=\"alignnone wp-image-164 size-medium\" src=\"http:\/\/www.produkt-haus.eu\/wp-content\/uploads\/2016\/06\/kavika-300x100.png\" alt=\"kavika\" width=\"300\" height=\"100\" \/><\/a><\/div><\/div>\n<div class=\"su-column su-column-size-1-5\"><div class=\"su-column-inner su-u-clearfix su-u-trim\"><a href=\"http:\/\/www.milston.fi\/en\" target=\"_blank\" rel=\"noopener noreferrer\"><img loading=\"lazy\" decoding=\"async\" class=\"alignnone wp-image-162 size-medium\" src=\"http:\/\/www.produkt-haus.eu\/wp-content\/uploads\/2016\/06\/milston-1-300x100.png\" alt=\"milston\" width=\"300\" height=\"100\" \/><\/a><\/div><\/div>\n<div class=\"su-column su-column-size-1-5\"><div class=\"su-column-inner su-u-clearfix su-u-trim\"><a href=\"http:\/\/www.ramtec.fi\/\" target=\"_blank\" rel=\"noopener noreferrer\"><img loading=\"lazy\" decoding=\"async\" class=\"alignnone wp-image-260 size-medium\" src=\"http:\/\/www.produkt-haus.eu\/wp-content\/uploads\/2016\/06\/ram-300x100.png\" width=\"300\" height=\"100\" \/><\/a><\/div><\/div>\n<\/div>\n<div class=\"su-row\">\n<div class=\"su-column su-column-size-1-5\"><div class=\"su-column-inner su-u-clearfix su-u-trim\"><a href=\"http:\/\/www.makelaalu.fi\" target=\"_blank\" rel=\"noopener noreferrer\"><img loading=\"lazy\" decoding=\"async\" class=\"alignnone wp-image-276 size-full\" src=\"http:\/\/www.produkt-haus.eu\/wp-content\/uploads\/2016\/06\/makelaalu.png\" width=\"300\" height=\"100\" \/><\/a><\/div><\/div>\n<div class=\"su-column su-column-size-1-5\"><div class=\"su-column-inner su-u-clearfix su-u-trim\"><img loading=\"lazy\" decoding=\"async\" class=\"alignnone size-full wp-image-566\" src=\"https:\/\/www.produkt-haus.eu\/wp-content\/uploads\/2021\/03\/mooncascade.jpg\" alt=\"\" width=\"300\" height=\"100\" \/><\/div><\/div>\n<div class=\"su-column su-column-size-1-5\"><div class=\"su-column-inner su-u-clearfix su-u-trim\"><img loading=\"lazy\" decoding=\"async\" class=\"alignnone size-full wp-image-571\" src=\"https:\/\/www.produkt-haus.eu\/wp-content\/uploads\/2021\/03\/welmet.jpg\" alt=\"\" width=\"300\" height=\"100\" \/><\/div><\/div>\n<div class=\"su-column su-column-size-1-5\"><div class=\"su-column-inner su-u-clearfix su-u-trim\"><img loading=\"lazy\" decoding=\"async\" class=\"alignnone size-full wp-image-576\" src=\"https:\/\/www.produkt-haus.eu\/wp-content\/uploads\/2021\/03\/mberg.jpg\" alt=\"\" width=\"300\" height=\"100\" \/><\/div><\/div>\n<div class=\"su-column su-column-size-1-5\"><div class=\"su-column-inner su-u-clearfix su-u-trim\"><img loading=\"lazy\" decoding=\"async\" class=\"alignnone size-full wp-image-581\" src=\"https:\/\/www.produkt-haus.eu\/wp-content\/uploads\/2021\/03\/extrugasa.jpg\" alt=\"\" width=\"300\" height=\"100\" \/><\/div><\/div>\n<\/div>\n<div class=\"su-row\">\n<div class=\"su-column su-column-size-1-5\"><div class=\"su-column-inner su-u-clearfix su-u-trim\"><img loading=\"lazy\" decoding=\"async\" class=\"alignnone size-full wp-image-586\" src=\"https:\/\/www.produkt-haus.eu\/wp-content\/uploads\/2023\/08\/Solarstone_logo.png\" alt=\"\" width=\"300\" height=\"100\" \/><\/div><\/div>\n<div class=\"su-column su-column-size-1-5\"><div class=\"su-column-inner su-u-clearfix su-u-trim\"><img loading=\"lazy\" decoding=\"async\" class=\"alignnone size-full wp-image-591\" src=\"https:\/\/www.produkt-haus.eu\/wp-content\/uploads\/2021\/03\/volume-design.jpg\" alt=\"\" width=\"300\" height=\"100\" \/><\/div><\/div>\n<div class=\"su-column su-column-size-1-5\"><div class=\"su-column-inner su-u-clearfix su-u-trim\"><img loading=\"lazy\" decoding=\"async\" class=\"alignnone size-full wp-image-596\" src=\"https:\/\/www.produkt-haus.eu\/wp-content\/uploads\/2021\/03\/TJT.jpg\" alt=\"\" width=\"300\" height=\"100\" \/><\/div><\/div>\n<div class=\"su-column su-column-size-1-5\"><div class=\"su-column-inner su-u-clearfix su-u-trim\"><a href=\"https:\/\/organicbirch.eu\/kontakt\" target=\"_blank\" rel=\"noopener\"><img loading=\"lazy\" decoding=\"async\" class=\"alignnone wp-image-609 size-full\" src=\"https:\/\/www.produkt-haus.eu\/wp-content\/uploads\/2021\/04\/Organic-Birch.jpg\" alt=\"Organic Birch\" width=\"300\" height=\"100\" \/><\/a><\/div><\/div>\n<div class=\"su-column su-column-size-1-5\"><div class=\"su-column-inner su-u-clearfix su-u-trim\"><img loading=\"lazy\" decoding=\"async\" class=\"alignnone size-full wp-image-596\" src=\"https:\/\/www.produkt-haus.eu\/wp-content\/uploads\/2023\/08\/organic_estonia_logo.png\" alt=\"\" width=\"300\" height=\"100\" \/>\u00a0<\/div><\/div>\n<\/div>\n<div class=\"su-row\">\n<div class=\"su-column su-column-size-1-5\"><div class=\"su-column-inner su-u-clearfix su-u-trim\"><img loading=\"lazy\" decoding=\"async\" class=\"alignnone size-full wp-image-586\" src=\"https:\/\/www.produkt-haus.eu\/wp-content\/uploads\/2023\/08\/IPA_logo.png\" alt=\"\" width=\"300\" height=\"100\" \/><\/div><\/div>\n<div class=\"su-column su-column-size-1-5\"><div class=\"su-column-inner su-u-clearfix su-u-trim\"><img loading=\"lazy\" decoding=\"async\" class=\"alignnone size-full wp-image-591\" src=\"https:\/\/www.produkt-haus.eu\/wp-content\/uploads\/2023\/08\/Jalax.png\" alt=\"\" width=\"300\" height=\"100\" \/><\/div><\/div>\n<div class=\"su-column su-column-size-1-5\"><div class=\"su-column-inner su-u-clearfix su-u-trim\"><img loading=\"lazy\" decoding=\"async\" class=\"alignnone size-full wp-image-596\" src=\"https:\/\/www.produkt-haus.eu\/wp-content\/uploads\/2023\/08\/mberg-logo.png\" alt=\"\" width=\"300\" height=\"100\" \/><\/div><\/div>\n<div class=\"su-column su-column-size-1-5\"><div class=\"su-column-inner su-u-clearfix su-u-trim\"><img loading=\"lazy\" decoding=\"async\" class=\"alignnone size-full wp-image-586\" src=\"https:\/\/www.produkt-haus.eu\/wp-content\/uploads\/2023\/08\/tarmeko_logo.png\" alt=\"\" width=\"300\" height=\"100\" \/><\/div><\/div>\n<div class=\"su-column su-column-size-1-5\"><div class=\"su-column-inner su-u-clearfix su-u-trim\"><img loading=\"lazy\" decoding=\"async\" class=\"alignnone size-full wp-image-596\" src=\"https:\/\/www.produkt-haus.eu\/wp-content\/uploads\/2023\/08\/AHK_logo.png\" alt=\"\" width=\"300\" height=\"100\" \/>\u00a0<\/div><\/div>\n<\/div>\n<div class=\"su-row\">\n<div class=\"su-column su-column-size-1-5\"><div class=\"su-column-inner su-u-clearfix su-u-trim\"><img loading=\"lazy\" decoding=\"async\" class=\"alignnone size-full wp-image-586\" src=\"https:\/\/www.produkt-haus.eu\/wp-content\/uploads\/2023\/08\/EAS_logo.png\" alt=\"\" width=\"300\" height=\"100\" \/><\/div><\/div>\n<div class=\"su-column su-column-size-1-5\"><div class=\"su-column-inner su-u-clearfix su-u-trim\"><img loading=\"lazy\" decoding=\"async\" class=\"alignnone size-full wp-image-591\" src=\"https:\/\/www.produkt-haus.eu\/wp-content\/uploads\/2023\/08\/keskkonnaprojekt_logo.png\" alt=\"\" width=\"300\" height=\"100\" \/><\/div><\/div>\n<div class=\"su-column su-column-size-1-5\"><div class=\"su-column-inner su-u-clearfix su-u-trim\"> <\/div><\/div>\n<div class=\"su-column su-column-size-1-5\"><div class=\"su-column-inner su-u-clearfix su-u-trim\"> <\/div><\/div>\n<div class=\"su-column su-column-size-1-5\"><div class=\"su-column-inner su-u-clearfix su-u-trim\"> <\/div><\/div>\n<\/div>\n","protected":false},"excerpt":{"rendered":"<p>Meie kliendid tulevad peamiselt elektroonikat\u00f6\u00f6stusest, energia- ja energiat\u00f5hususe sektorist v\u00f5i taristusektorist, metallit\u00f6\u00f6stusest, logistika, pakendamise, masinaehituse ja insenerit\u00f6\u00f6, p\u00f5llumajanduse, paberi- ja puidut\u00f6\u00f6stuse ning ehitust\u00f6\u00f6stuse valdkonnast. Meie suurimate klientide k\u00e4ive ulatub \u00fcle 2\u00a0miljoni euro aastas, kuid meie kliendiportfellis on ka v\u00e4iksemaid ettev\u00f5tteid, kelle k\u00e4ive j\u00e4\u00e4b aastas alla 2 miljoni euro.<\/p>\n","protected":false},"author":1,"featured_media":0,"parent":0,"menu_order":0,"comment_status":"closed","ping_status":"closed","template":"template-fullwidth.php","meta":{"footnotes":""},"class_list":["post-126","page","type-page","status-publish","hentry"],"_links":{"self":[{"href":"https:\/\/www.produkt-haus.eu\/et\/wp-json\/wp\/v2\/pages\/126","targetHints":{"allow":["GET"]}}],"collection":[{"href":"https:\/\/www.produkt-haus.eu\/et\/wp-json\/wp\/v2\/pages"}],"about":[{"href":"https:\/\/www.produkt-haus.eu\/et\/wp-json\/wp\/v2\/types\/page"}],"author":[{"embeddable":true,"href":"https:\/\/www.produkt-haus.eu\/et\/wp-json\/wp\/v2\/users\/1"}],"replies":[{"embeddable":true,"href":"https:\/\/www.produkt-haus.eu\/et\/wp-json\/wp\/v2\/comments?post=126"}],"version-history":[{"count":25,"href":"https:\/\/www.produkt-haus.eu\/et\/wp-json\/wp\/v2\/pages\/126\/revisions"}],"predecessor-version":[{"id":679,"href":"https:\/\/www.produkt-haus.eu\/et\/wp-json\/wp\/v2\/pages\/126\/revisions\/679"}],"wp:attachment":[{"href":"https:\/\/www.produkt-haus.eu\/et\/wp-json\/wp\/v2\/media?parent=126"}],"curies":[{"name":"wp","href":"https:\/\/api.w.org\/{rel}","templated":true}]}}