{"id":703,"date":"2025-10-17T05:34:18","date_gmt":"2025-10-17T05:34:18","guid":{"rendered":"https:\/\/www.produkt-haus.eu\/bvmid\/"},"modified":"2025-10-17T05:41:42","modified_gmt":"2025-10-17T05:41:42","slug":"bvmid","status":"publish","type":"page","link":"https:\/\/www.produkt-haus.eu\/de\/bvmid\/","title":{"rendered":"BVMID"},"content":{"rendered":"<div class=\"su-row\">\n<div class=\"su-column su-column-size-2-3\"><div class=\"su-column-inner su-u-clearfix su-u-trim\">\n<p class=\"p1\"><span style=\"color: #f1592a;\"><strong>Bundesvereinigung Mittelstand in Deutschland (BVMID)<\/strong><\/span><\/p>\n<p class=\"p1\">Exklusives Business-Netzwerk f\u00fcr mittelst\u00e4ndische Unternehmen<\/p>\n<p class=\"p2\">Die Bundesvereinigung Mittelstand in Deutschland setzt sich f\u00fcr die St\u00e4rkung wirtschaftlicher, sozialer sowie politischer Interessen mittelst\u00e4ndischer Unternehmen ein. Mit einem Netzwerk aus Experten, Partnern und Entscheidungstr\u00e4gern arbeiten wir als <b>BVMID-Gesch\u00e4ftsstelle Estland \/ Finnland <\/b>kontinuierlich daran, Menschen unterschiedlicher Branchen zusammenzubringen. Immer mit dem Ziel, die Bedingungen f\u00fcr den gesamten Mittelstand zu verbessern.<\/p>\n<\/div><\/div>\n<div class=\"su-column su-column-size-1-3\"><div class=\"su-column-inner su-u-clearfix su-u-trim\">\n<p><img loading=\"lazy\" decoding=\"async\" class=\"alignnone size-medium wp-image-711\" src=\"https:\/\/www.produkt-haus.eu\/wp-content\/uploads\/2025\/10\/bvmid-300x94.png\" alt=\"\" width=\"300\" height=\"94\" srcset=\"https:\/\/www.produkt-haus.eu\/wp-content\/uploads\/2025\/10\/bvmid-300x94.png 300w, https:\/\/www.produkt-haus.eu\/wp-content\/uploads\/2025\/10\/bvmid.png 320w\" sizes=\"auto, (max-width: 300px) 100vw, 300px\" \/><br \/>\n<\/div><\/div>\n<\/div>\n<p>&nbsp;<\/p>\n","protected":false},"excerpt":{"rendered":"<p>&nbsp;<\/p>\n","protected":false},"author":1,"featured_media":0,"parent":0,"menu_order":0,"comment_status":"closed","ping_status":"closed","template":"template-fullwidth.php","meta":{"footnotes":""},"class_list":["post-703","page","type-page","status-publish","hentry"],"_links":{"self":[{"href":"https:\/\/www.produkt-haus.eu\/de\/wp-json\/wp\/v2\/pages\/703","targetHints":{"allow":["GET"]}}],"collection":[{"href":"https:\/\/www.produkt-haus.eu\/de\/wp-json\/wp\/v2\/pages"}],"about":[{"href":"https:\/\/www.produkt-haus.eu\/de\/wp-json\/wp\/v2\/types\/page"}],"author":[{"embeddable":true,"href":"https:\/\/www.produkt-haus.eu\/de\/wp-json\/wp\/v2\/users\/1"}],"replies":[{"embeddable":true,"href":"https:\/\/www.produkt-haus.eu\/de\/wp-json\/wp\/v2\/comments?post=703"}],"version-history":[{"count":2,"href":"https:\/\/www.produkt-haus.eu\/de\/wp-json\/wp\/v2\/pages\/703\/revisions"}],"predecessor-version":[{"id":716,"href":"https:\/\/www.produkt-haus.eu\/de\/wp-json\/wp\/v2\/pages\/703\/revisions\/716"}],"wp:attachment":[{"href":"https:\/\/www.produkt-haus.eu\/de\/wp-json\/wp\/v2\/media?parent=703"}],"curies":[{"name":"wp","href":"https:\/\/api.w.org\/{rel}","templated":true}]}}