{"id":236,"date":"2016-08-25T10:49:55","date_gmt":"2016-08-25T10:49:55","guid":{"rendered":"http:\/\/www.produkt-haus.eu\/de\/imprint\/"},"modified":"2023-08-03T11:31:52","modified_gmt":"2023-08-03T11:31:52","slug":"imprint","status":"publish","type":"page","link":"https:\/\/www.produkt-haus.eu\/de\/imprint\/","title":{"rendered":"Impressum"},"content":{"rendered":"<h2><strong>Produkt Haus O\u00dc<\/strong><\/h2>\n<p>Juhkentali 8<br \/>\nTallinn 10132<br \/>\nEstland \/ Estonia<\/p>\n<p><strong>Handelsagentur Produkt Haus <\/strong><br \/>\nInhaber Klaus Pfitzner<br \/>\nD-68519 Viernheim<\/p>\n<p><strong>Verantwortlicher Redakteur:<\/strong><br \/>\nKlaus Pfitzner<\/p>\n<p><strong>Gesch\u00e4ftsf\u00fchrung:<\/strong><br \/>\nKlaus Pfitzner<\/p>\n<p><strong>Rechtsform:<\/strong><br \/>\nAktiengesellschaft<\/p>\n<p><strong>Steuernummer:<\/strong><br \/>\nEE101729015<\/p>\n<p>Alle Rechte vorbehalten. Die Urheberrechte dieser Website liegen vollst\u00e4ndig bei der Produkt Haus O\u00dc.<\/p>\n<p><strong>Urheberrechtshinweise:<\/strong><br \/>\nDie Inhalte und Programme dieser Website sind durch uns urheberrechtlich gesch\u00fctzt. Alle Rechte daran behalten wir uns vor. Teile dieser Website k\u00f6nnen Bilder, Texte oder Sounds beinhalten, die dem Urheberrecht Dritter unterliegen. Die Urheberrechtshinweise in diesen F\u00e4llen sind an entsprechenden Stellen vermerkt. Informationen auf dieser Website, einschlie\u00dflich Texten, Bildern und Sound, d\u00fcrfen nicht, sofern nicht ausdr\u00fccklich anders bestimmt, vervielf\u00e4ltigt, transferiert, vertrieben oder gespeichert werden ohne schriftliche Genehmigung des Herausgebers. Modifikationen des Inhalts dieser Website sind ausdr\u00fccklich untersagt.<\/p>\n<p><strong>Hinweise zu externen Links:<\/strong><br \/>\nHiermit distanzieren wir uns ausdr\u00fccklich von den Inhalten aller gelinkten Seiten auf unserer Homepage und machen uns diese Inhalte nicht zu Eigen. Diese Erkl\u00e4rung gilt f\u00fcr alle auf dieser Website angebrachten Links.<\/p>\n<p><strong>Haftungsausschluss<\/strong><br \/>\nDie Informationen auf dieser Website verstehen sich als &#8222;Aussagen an sich&#8220; ohne implizite Garantien jedweder Art. Die bereitgestellten Informationen auf dieser Website wurden sorgf\u00e4ltig gepr\u00fcft und werden regelm\u00e4\u00dfig aktualisiert. Jedoch kann keine Garantie daf\u00fcr \u00fcbernommen werden, dass alle Angaben zu jeder Zeit vollst\u00e4ndig, richtig und in letzter Aktualit\u00e4t dargestellt sind. Alle Angaben k\u00f6nnen ohne vorherige Ank\u00fcndigung erg\u00e4nzt, entfernt oder ge\u00e4ndert werden.<\/p>\n","protected":false},"excerpt":{"rendered":"<p>Produkt Haus O\u00dc Juhkentali 8 Tallinn 10132 Estland \/ Estonia Handelsagentur Produkt Haus Inhaber Klaus Pfitzner D-68519 Viernheim Verantwortlicher Redakteur: Klaus Pfitzner Gesch\u00e4ftsf\u00fchrung: Klaus Pfitzner Rechtsform: Aktiengesellschaft Steuernummer: EE101729015 Alle Rechte vorbehalten. Die Urheberrechte dieser Website liegen vollst\u00e4ndig bei der Produkt Haus O\u00dc. Urheberrechtshinweise: Die Inhalte und Programme dieser Website sind durch uns urheberrechtlich gesch\u00fctzt.<a href=\"https:\/\/www.produkt-haus.eu\/de\/imprint\/\">[&#8230;]<\/a><\/p>\n","protected":false},"author":1,"featured_media":0,"parent":0,"menu_order":0,"comment_status":"closed","ping_status":"closed","template":"template-fullwidth.php","meta":{"footnotes":""},"class_list":["post-236","page","type-page","status-publish","hentry"],"_links":{"self":[{"href":"https:\/\/www.produkt-haus.eu\/de\/wp-json\/wp\/v2\/pages\/236","targetHints":{"allow":["GET"]}}],"collection":[{"href":"https:\/\/www.produkt-haus.eu\/de\/wp-json\/wp\/v2\/pages"}],"about":[{"href":"https:\/\/www.produkt-haus.eu\/de\/wp-json\/wp\/v2\/types\/page"}],"author":[{"embeddable":true,"href":"https:\/\/www.produkt-haus.eu\/de\/wp-json\/wp\/v2\/users\/1"}],"replies":[{"embeddable":true,"href":"https:\/\/www.produkt-haus.eu\/de\/wp-json\/wp\/v2\/comments?post=236"}],"version-history":[{"count":4,"href":"https:\/\/www.produkt-haus.eu\/de\/wp-json\/wp\/v2\/pages\/236\/revisions"}],"predecessor-version":[{"id":685,"href":"https:\/\/www.produkt-haus.eu\/de\/wp-json\/wp\/v2\/pages\/236\/revisions\/685"}],"wp:attachment":[{"href":"https:\/\/www.produkt-haus.eu\/de\/wp-json\/wp\/v2\/media?parent=236"}],"curies":[{"name":"wp","href":"https:\/\/api.w.org\/{rel}","templated":true}]}}